{"id":172,"date":"2025-10-23T14:40:01","date_gmt":"2025-10-23T14:40:01","guid":{"rendered":"https:\/\/pokojepodratuszem.pl\/index.php\/informacje-prawne\/"},"modified":"2025-11-03T18:20:17","modified_gmt":"2025-11-03T18:20:17","slug":"informacje-prawne","status":"publish","type":"page","link":"https:\/\/pokojepodratuszem.pl\/es\/informacje-prawne\/","title":{"rendered":"Informacje Prawne"},"content":{"rendered":"<div data-elementor-type=\"wp-page\" data-elementor-id=\"172\" class=\"elementor elementor-172\" data-elementor-post-type=\"page\">\n\t\t\t\t<div class=\"elementor-element elementor-element-45906d06 e-flex e-con-boxed e-con e-parent\" data-id=\"45906d06\" data-element_type=\"container\" data-e-type=\"container\">\n\t\t\t\t\t<div class=\"e-con-inner\">\n\t\t\t\t<div class=\"elementor-element elementor-element-5a0b5c9d elementor-widget elementor-widget-heading\" data-id=\"5a0b5c9d\" data-element_type=\"widget\" data-e-type=\"widget\" data-widget_type=\"heading.default\">\n\t\t\t\t\t<h2 class=\"elementor-heading-title elementor-size-default\">Dane Firmy\/ Informacje Prawne<\/h2>\t\t\t\t<\/div>\n\t\t\t\t<div class=\"elementor-element elementor-element-3e8e7c05 elementor-widget elementor-widget-text-editor\" data-id=\"3e8e7c05\" data-element_type=\"widget\" data-e-type=\"widget\" data-widget_type=\"text-editor.default\">\n\t\t\t\t\t\t\t\t\t<p><strong>Dane firmy:<br \/><\/strong><\/p><p><strong>Nazwa:<\/strong> Pokoje pod Ratuszem<\/p><p><strong>Adres:<\/strong> <br \/>ul. Matejki 8,\u00a0<br \/>35-006 Rzesz\u00f3w<br \/>Podkarpackie<br \/>Polska<\/p><p><strong>Zarz\u0105dzane przez:<\/strong> Insteadkey Sp\u00f3\u0142ka Z Ograniczon\u0105 Odpowiedzialno\u015bci\u0105<\/p><p><strong>NIP: <\/strong>5170443704<\/p><p><strong>REGON:<\/strong> 527536014<\/p><p><strong>KRS: <\/strong>0001083436<\/p><p><strong>Kontakt: <\/strong><br \/><strong>E-mail: <\/strong>info@pokojepodratuszem.pl<br \/><strong>Telefon:<\/strong> <span aria-label=\"Zadzwo\u0144 pod numer +48 500 038 138\">+48 500 038 138<\/span><\/p><p><strong>Adres siedziby sp\u00f3\u0142ki:<br \/><\/strong>ul. Jana I J\u0119drzeja \u015aniadeckich 20D\/7<br \/>35-006 Rzesz\u00f3w<br \/>Podkarpackie<\/p><p><strong>Osoba odpowiedzialna za stron\u0119 internetow\u0105:<\/strong> Sara Kr\u00f3l<\/p><p><strong>Informacje dodatkowe:<\/strong><\/p><h3>Informacja o platformie ODR<\/h3><p>Zgodnie z prawem UE informujemy, \u017ce istnieje mo\u017cliwo\u015b\u0107 skorzystania z <strong>Europejskiej platformy do rozstrzygania spor\u00f3w online (ODR)<\/strong> w celu pozas\u0105dowego rozstrzygania spor\u00f3w konsumenckich. Platforma dost\u0119pna jest pod adresem: <br \/><a href=\"https:\/\/ec.europa.eu\/consumers\/odr\/\" target=\"_blank\" rel=\"noopener\">https:\/\/ec.europa.eu\/consumers\/odr\/<\/a>.<\/p><p>Nasz hotel nie zgadza si\u0119 na udzia\u0142 w post\u0119powaniu mediacyjnym na platformie ODR. W sprawach spornych prosimy o kontakt: info@hotel-jagiellonski.pl lub <span aria-label=\"Zadzwo\u0144 pod numer +48 500 038 138\">+48 500 038 138<\/span>.<\/p><h3>Disclaimer \u2013 zrzeczenie odpowiedzialno\u015bci<\/h3><ol><li>Tre\u015bci zamieszczone na tej stronie internetowej zosta\u0142y przygotowane z najwi\u0119ksz\u0105 staranno\u015bci\u0105. Nie ponosimy odpowiedzialno\u015bci za aktualno\u015b\u0107, kompletno\u015b\u0107 i poprawno\u015b\u0107 informacji.<\/li><li><b>Linki zewn\u0119trzne:<\/b> Strona zawiera odno\u015bniki do serwis\u00f3w zewn\u0119trznych. Nie mamy wp\u0142ywu na ich aktualne tre\u015bci i nie ponosimy odpowiedzialno\u015bci za ich zawarto\u015b\u0107. W przypadku stwierdzenia narusze\u0144, linki zostan\u0105 niezw\u0142ocznie usuni\u0119te.<\/li><li>Kopiowanie tre\u015bci ze strony do cel\u00f3w komercyjnych wymaga zgody w\u0142a\u015bciciela praw autorskich. Dozwolone jest jedynie wykorzystanie tre\u015bci w celach prywatnych i niekomercyjnych.<\/li><\/ol><h3>Informacje o zdj\u0119ciach<\/h3><p>Zdj\u0119cia zamieszczone na stronie pochodz\u0105 z w\u0142asnych zasob\u00f3w hotelu oraz z serwis\u00f3w takich jak Wikimedia Commons i s\u0105 wykorzystywane zgodnie z odpowiednimi licencjami Creative Commons. W przypadku materia\u0142\u00f3w pochodz\u0105cych od os\u00f3b trzecich podane s\u0105 \u017ar\u00f3d\u0142a i autorzy zdj\u0119\u0107.<\/p><ol><li>&#8222;02019 1394 3 Maja Street in Rzeszow.jpg&#8221;,\u00a0 &#8211; Silar, CC BY-SA 4.0 <a href=\"https:\/\/creativecommons.org\/licenses\/by-sa\/4.0\" target=\"_blank\" rel=\"noopener\">https:\/\/creativecommons.org\/licenses\/by-sa\/4.0<\/a>, via Wikimedia Commons<\/li><li>&#8222;Rzesz\u00f3w (Bulwary).jpg&#8221; &#8211; Patryk2710, CC BY 4.0 <a href=\"https:\/\/creativecommons.org\/licenses\/by\/4.0\" target=\"_blank\" rel=\"noopener\">https:\/\/creativecommons.org\/licenses\/by\/4.0<\/a>, via Wikimedia Commons<\/li><li>&#8222;Rzeszowska filharmonia 2024.jpg&#8221; &#8211; Panek, CC BY-SA 4.0 <a href=\"https:\/\/creativecommons.org\/licenses\/by-sa\/4.0\" target=\"_blank\" rel=\"noopener\">https:\/\/creativecommons.org\/licenses\/by-sa\/4.0<\/a>, via Wikimedia Commons<\/li><li>&#8222;Underground tourist route in Rzesz\u00f3w, entry.jpg&#8221; &#8211; Lowdown, CC BY-SA 3.0 <a href=\"https:\/\/creativecommons.org\/licenses\/by-sa\/3.0\" target=\"_blank\" rel=\"noopener\">https:\/\/creativecommons.org\/licenses\/by-sa\/3.0<\/a>, via Wikimedia Commons<\/li><li>&#8222;PL Rzesz\u00f3w, ratusz 2021-04-12&#8211;08-56-11.jpg&#8221; &#8211; Kroton, CC BY-SA 4.0 <a href=\"https:\/\/creativecommons.org\/licenses\/by-sa\/4.0\" target=\"_blank\" rel=\"noopener\">https:\/\/creativecommons.org\/licenses\/by-sa\/4.0<\/a>, via Wikimedia Commons<\/li><li>&#8222;Rzesz\u00f3w &#8211; ratusz &#8211; A \u2013 1268, z dn. 31.12.93.jpg&#8221; &#8211; Kinski85, CC BY-SA 3.0 PL <a href=\"https:\/\/creativecommons.org\/licenses\/by-sa\/3.0\/pl\/deed.en\" target=\"_blank\" rel=\"noopener\">https:\/\/creativecommons.org\/licenses\/by-sa\/3.0\/pl\/deed.en<\/a>, via Wikimedia Commons<\/li><li>&#8222;Rynek-POL, Rzesz\u00f3w.jpg&#8221; &#8211; Mach240390, CC BY 4.0 <a href=\"https:\/\/creativecommons.org\/licenses\/by\/4.0\" target=\"_blank\" rel=\"noopener\">https:\/\/creativecommons.org\/licenses\/by\/4.0<\/a>, via Wikimedia Commons<\/li><li>&#8222;Ratusz i Rynek w Rzeszowie.jpg&#8221; &#8211; Agawa288, CC BY-SA 4.0 <a href=\"https:\/\/creativecommons.org\/licenses\/by-sa\/4.0\" target=\"_blank\" rel=\"noopener\">https:\/\/creativecommons.org\/licenses\/by-sa\/4.0<\/a>, via Wikimedia Commons<\/li><li>Tekstura papieru: Photo by <a href=\"https:\/\/unsplash.com\/@olga_o?utm_content=creditCopyText&amp;utm_medium=referral&amp;utm_source=unsplash\" target=\"_blank\" rel=\"noopener\">Olga Thelavart<\/a> on <a href=\"https:\/\/unsplash.com\/photos\/white-painted-wall-with-black-line-vS3idIiYxX0?utm_content=creditCopyText&amp;utm_medium=referral&amp;utm_source=unsplash\" target=\"_blank\" rel=\"noopener\">Unsplash<\/a><\/li><\/ol>\t\t\t\t\t\t\t\t<\/div>\n\t\t\t\t\t<\/div>\n\t\t\t\t<\/div>\n\t\t\t\t<\/div>","protected":false},"excerpt":{"rendered":"<p>Dane Firmy\/ Informacje Prawne Dane firmy: Nazwa: Pokoje pod Ratuszem Adres: ul. Matejki 8,\u00a035-006 Rzesz\u00f3wPodkarpackiePolska Zarz\u0105dzane przez: Insteadkey Sp\u00f3\u0142ka Z Ograniczon\u0105 Odpowiedzialno\u015bci\u0105 NIP: 5170443704 REGON: 527536014 KRS: 0001083436 Kontakt: E-mail: info@pokojepodratuszem.plTelefon: +48 500 038 138 Adres siedziby sp\u00f3\u0142ki:ul. Jana I J\u0119drzeja \u015aniadeckich 20D\/735-006 Rzesz\u00f3wPodkarpackie Osoba odpowiedzialna za stron\u0119 internetow\u0105: Sara Kr\u00f3l Informacje dodatkowe: Informacja o [&hellip;]<\/p>\n","protected":false},"author":1,"featured_media":0,"parent":0,"menu_order":0,"comment_status":"closed","ping_status":"closed","template":"","meta":{"footnotes":""},"class_list":["post-172","page","type-page","status-publish","hentry"],"_links":{"self":[{"href":"https:\/\/pokojepodratuszem.pl\/es\/wp-json\/wp\/v2\/pages\/172","targetHints":{"allow":["GET"]}}],"collection":[{"href":"https:\/\/pokojepodratuszem.pl\/es\/wp-json\/wp\/v2\/pages"}],"about":[{"href":"https:\/\/pokojepodratuszem.pl\/es\/wp-json\/wp\/v2\/types\/page"}],"author":[{"embeddable":true,"href":"https:\/\/pokojepodratuszem.pl\/es\/wp-json\/wp\/v2\/users\/1"}],"replies":[{"embeddable":true,"href":"https:\/\/pokojepodratuszem.pl\/es\/wp-json\/wp\/v2\/comments?post=172"}],"version-history":[{"count":0,"href":"https:\/\/pokojepodratuszem.pl\/es\/wp-json\/wp\/v2\/pages\/172\/revisions"}],"wp:attachment":[{"href":"https:\/\/pokojepodratuszem.pl\/es\/wp-json\/wp\/v2\/media?parent=172"}],"curies":[{"name":"wp","href":"https:\/\/api.w.org\/{rel}","templated":true}]}}