{"id":207,"date":"2025-10-23T14:40:06","date_gmt":"2025-10-23T14:40:06","guid":{"rendered":"https:\/\/pokojepodratuszem.pl\/index.php\/zarezerwuj\/"},"modified":"2025-11-03T18:51:48","modified_gmt":"2025-11-03T18:51:48","slug":"zarezerwuj","status":"publish","type":"page","link":"https:\/\/pokojepodratuszem.pl\/ru\/zarezerwuj\/","title":{"rendered":"Zarezerwuj"},"content":{"rendered":"<div data-elementor-type=\"wp-page\" data-elementor-id=\"207\" class=\"elementor elementor-207\" data-elementor-post-type=\"page\">\n\t\t\t\t<div class=\"elementor-element elementor-element-2cb80dfb e-flex e-con-boxed e-con e-parent\" data-id=\"2cb80dfb\" data-element_type=\"container\" data-e-type=\"container\" data-settings=\"{&quot;background_background&quot;:&quot;classic&quot;}\">\n\t\t\t\t\t<div class=\"e-con-inner\">\n\t\t\t\t<div class=\"elementor-element elementor-element-34163ec5 elementor-widget elementor-widget-heading\" data-id=\"34163ec5\" data-element_type=\"widget\" data-e-type=\"widget\" data-widget_type=\"heading.default\">\n\t\t\t\t\t<h2 class=\"elementor-heading-title elementor-size-default\">Zarezerwuj sw\u00f3j pobyt!<\/h2>\t\t\t\t<\/div>\n\t\t\t\t<div class=\"elementor-element elementor-element-5fd51169 elementor-widget elementor-widget-text-editor\" data-id=\"5fd51169\" data-element_type=\"widget\" data-e-type=\"widget\" data-widget_type=\"text-editor.default\">\n\t\t\t\t\t\t\t\t\t<p>Rezerwuj\u0105c pok\u00f3j hotelowy bezpo\u015brednio na naszej stronie internetowej, zawsze uzyskasz najlepsz\u0105 cen\u0119. Dok\u0142adamy wszelkich stara\u0144, aby ceny u nas by\u0142y zawsze korzystniejsze ni\u017c na znanych platformach rezerwacyjnych.<\/p>\t\t\t\t\t\t\t\t<\/div>\n\t\t\t\t\t<\/div>\n\t\t\t\t<\/div>\n\t\t<div class=\"elementor-element elementor-element-46e62707 e-flex e-con-boxed e-con e-parent\" data-id=\"46e62707\" data-element_type=\"container\" data-e-type=\"container\" data-settings=\"{&quot;background_background&quot;:&quot;classic&quot;,&quot;shape_divider_top&quot;:&quot;curve&quot;,&quot;shape_divider_top_negative&quot;:&quot;yes&quot;}\">\n\t\t\t\t\t<div class=\"e-con-inner\">\n\t\t\t\t<div class=\"elementor-shape elementor-shape-top\" aria-hidden=\"true\" data-negative=\"true\">\n\t\t\t<svg xmlns=\"http:\/\/www.w3.org\/2000\/svg\" viewbox=\"0 0 1000 100\" preserveaspectratio=\"none\">\n\t<path class=\"elementor-shape-fill\" d=\"M500,97C126.7,96.3,0.8,19.8,0,0v100l1000,0V1C1000,19.4,873.3,97.8,500,97z\"\/>\n<\/svg>\t\t<\/div>\n\t\t<div class=\"elementor-element elementor-element-54b1bbe4 e-con-full e-flex e-con e-child\" data-id=\"54b1bbe4\" data-element_type=\"container\" data-e-type=\"container\">\n\t\t\t\t<div class=\"elementor-element elementor-element-25225762 pp-dual-heading-block elementor-widget elementor-widget-pp-dual-heading\" data-id=\"25225762\" data-element_type=\"widget\" data-e-type=\"widget\" data-widget_type=\"pp-dual-heading.default\">\n\t\t\t\t\t<h2 class=\"pp-dual-heading\"><span class=\"pp-first-text\">Pokoje pod Ratuszem<\/span><span class=\"pp-second-text\">ul. Jana Matejki 8<\/span><\/h2>\t\t\t\t<\/div>\n\t\t\t\t<div class=\"elementor-element elementor-element-794d9e13 elementor-widget elementor-widget-html\" data-id=\"794d9e13\" data-element_type=\"widget\" data-e-type=\"widget\" data-widget_type=\"html.default\">\n\t\t\t\t\t<iframe src =\"https:\/\/bookings.aparts24.de\/booking2.php?propid=251248&amp;referer=iframe\" width=\"800\" height=\"1000\" style=\"max-width:100%;border:none;overflow:auto;\"><p><a href=\"https:\/\/bookings.aparts24.de\/booking2.php?propid=251248&amp;referer=iframe\" title=\"Book Now\" target=\"_blank\" rel=\"noopener\">Book Now<\/a><\/p><\/iframe>\t\t\t\t<\/div>\n\t\t\t\t<\/div>\n\t\t\t\t\t<\/div>\n\t\t\t\t<\/div>\n\t\t\t\t<\/div>","protected":false},"excerpt":{"rendered":"<p>Zarezerwuj sw\u00f3j pobyt! Rezerwuj\u0105c pok\u00f3j hotelowy bezpo\u015brednio na naszej stronie internetowej, zawsze uzyskasz najlepsz\u0105 cen\u0119. Dok\u0142adamy wszelkich stara\u0144, aby ceny u nas by\u0142y zawsze korzystniejsze ni\u017c na znanych platformach rezerwacyjnych. Pokoje pod Ratuszemul. Jana Matejki 8 Book Now<\/p>","protected":false},"author":1,"featured_media":0,"parent":0,"menu_order":0,"comment_status":"closed","ping_status":"closed","template":"","meta":{"footnotes":""},"class_list":["post-207","page","type-page","status-publish","hentry"],"_links":{"self":[{"href":"https:\/\/pokojepodratuszem.pl\/ru\/wp-json\/wp\/v2\/pages\/207","targetHints":{"allow":["GET"]}}],"collection":[{"href":"https:\/\/pokojepodratuszem.pl\/ru\/wp-json\/wp\/v2\/pages"}],"about":[{"href":"https:\/\/pokojepodratuszem.pl\/ru\/wp-json\/wp\/v2\/types\/page"}],"author":[{"embeddable":true,"href":"https:\/\/pokojepodratuszem.pl\/ru\/wp-json\/wp\/v2\/users\/1"}],"replies":[{"embeddable":true,"href":"https:\/\/pokojepodratuszem.pl\/ru\/wp-json\/wp\/v2\/comments?post=207"}],"version-history":[{"count":0,"href":"https:\/\/pokojepodratuszem.pl\/ru\/wp-json\/wp\/v2\/pages\/207\/revisions"}],"wp:attachment":[{"href":"https:\/\/pokojepodratuszem.pl\/ru\/wp-json\/wp\/v2\/media?parent=207"}],"curies":[{"name":"wp","href":"https:\/\/api.w.org\/{rel}","templated":true}]}}