{"id":175,"date":"2025-10-23T14:40:01","date_gmt":"2025-10-23T14:40:01","guid":{"rendered":"https:\/\/pokojepodratuszem.pl\/index.php\/insteadkey\/"},"modified":"2025-11-03T19:26:49","modified_gmt":"2025-11-03T19:26:49","slug":"insteadkey","status":"publish","type":"page","link":"https:\/\/pokojepodratuszem.pl\/zh\/insteadkey\/","title":{"rendered":"InsteadKey"},"content":{"rendered":"<div data-elementor-type=\"wp-post\" data-elementor-id=\"175\" class=\"elementor elementor-175\" data-elementor-post-type=\"page\">\n\t\t\t\t<div class=\"elementor-element elementor-element-7b87b984 e-flex e-con-boxed e-con e-parent\" data-id=\"7b87b984\" data-element_type=\"container\" data-e-type=\"container\" data-settings=\"{&quot;background_background&quot;:&quot;classic&quot;}\">\n\t\t\t\t\t<div class=\"e-con-inner\">\n\t\t<div class=\"elementor-element elementor-element-403430ff e-con-full e-flex e-con e-child\" data-id=\"403430ff\" data-element_type=\"container\" data-e-type=\"container\">\n\t\t\t\t<div class=\"elementor-element elementor-element-7604406f elementor-widget elementor-widget-image\" data-id=\"7604406f\" data-element_type=\"widget\" data-e-type=\"widget\" data-widget_type=\"image.default\">\n\t\t\t\t\t\t\t\t\t\t\t\t\t\t\t<img fetchpriority=\"high\" decoding=\"async\" width=\"500\" height=\"500\" src=\"https:\/\/pokojepodratuszem.pl\/wp-content\/uploads\/2025\/10\/insteadkey_logo.png\" class=\"attachment-large size-large wp-image-509\" alt=\"InsteadKey\" srcset=\"https:\/\/pokojepodratuszem.pl\/wp-content\/uploads\/2025\/10\/insteadkey_logo.png 500w, https:\/\/pokojepodratuszem.pl\/wp-content\/uploads\/2025\/10\/insteadkey_logo-300x300.png 300w, https:\/\/pokojepodratuszem.pl\/wp-content\/uploads\/2025\/10\/insteadkey_logo-150x150.png 150w, https:\/\/pokojepodratuszem.pl\/wp-content\/uploads\/2025\/10\/insteadkey_logo-12x12.png 12w\" sizes=\"(max-width: 500px) 100vw, 500px\" \/>\t\t\t\t\t\t\t\t\t\t\t\t\t\t\t<\/div>\n\t\t\t\t<\/div>\n\t\t<div class=\"elementor-element elementor-element-54623a00 e-con-full e-flex e-con e-child\" data-id=\"54623a00\" data-element_type=\"container\" data-e-type=\"container\">\n\t\t\t\t<div class=\"elementor-element elementor-element-42b1006f elementor-widget elementor-widget-heading\" data-id=\"42b1006f\" data-element_type=\"widget\" data-e-type=\"widget\" data-widget_type=\"heading.default\">\n\t\t\t\t\t<h2 class=\"elementor-heading-title elementor-size-default\">O firmie<\/h2>\t\t\t\t<\/div>\n\t\t\t\t<div class=\"elementor-element elementor-element-33fa508 elementor-widget elementor-widget-text-editor\" data-id=\"33fa508\" data-element_type=\"widget\" data-e-type=\"widget\" data-widget_type=\"text-editor.default\">\n\t\t\t\t\t\t\t\t\t<p>Firma insteadkey, dzia\u0142aj\u0105ca od 2024 roku, zarz\u0105dza kilkoma obiektami noclegowymi. Wyr\u00f3\u017cnia j\u0105 nowoczesne podej\u015bcie do bran\u017cy, oparte na digitalizacji i automatyzacji proces\u00f3w. Zameldowanie odbywa si\u0119 wygodnie i bezkontaktowo, dzi\u0119ki systemowi samoobs\u0142ugi oraz recepcji online. Komfort, swoboda i intuicyjna obs\u0142uga stanowi\u0105 fundamenty, kt\u00f3re \u0142\u0105cz\u0105 technologi\u0119 z go\u015bcinno\u015bci\u0105.<\/p>\t\t\t\t\t\t\t\t<\/div>\n\t\t\t\t<\/div>\n\t\t\t\t\t<\/div>\n\t\t\t\t<\/div>\n\t\t\t\t<\/div>","protected":false},"excerpt":{"rendered":"<p>O firmie Firma insteadkey, dzia\u0142aj\u0105ca od 2024 roku, zarz\u0105dza kilkoma obiektami noclegowymi. Wyr\u00f3\u017cnia j\u0105 nowoczesne podej\u015bcie do bran\u017cy, oparte na digitalizacji i automatyzacji proces\u00f3w. Zameldowanie odbywa si\u0119 wygodnie i bezkontaktowo, dzi\u0119ki systemowi samoobs\u0142ugi oraz recepcji online. Komfort, swoboda i intuicyjna obs\u0142uga stanowi\u0105 fundamenty, kt\u00f3re \u0142\u0105cz\u0105 technologi\u0119 z go\u015bcinno\u015bci\u0105.<\/p>","protected":false},"author":1,"featured_media":0,"parent":0,"menu_order":0,"comment_status":"closed","ping_status":"closed","template":"","meta":{"footnotes":""},"class_list":["post-175","page","type-page","status-publish","hentry"],"_links":{"self":[{"href":"https:\/\/pokojepodratuszem.pl\/zh\/wp-json\/wp\/v2\/pages\/175","targetHints":{"allow":["GET"]}}],"collection":[{"href":"https:\/\/pokojepodratuszem.pl\/zh\/wp-json\/wp\/v2\/pages"}],"about":[{"href":"https:\/\/pokojepodratuszem.pl\/zh\/wp-json\/wp\/v2\/types\/page"}],"author":[{"embeddable":true,"href":"https:\/\/pokojepodratuszem.pl\/zh\/wp-json\/wp\/v2\/users\/1"}],"replies":[{"embeddable":true,"href":"https:\/\/pokojepodratuszem.pl\/zh\/wp-json\/wp\/v2\/comments?post=175"}],"version-history":[{"count":0,"href":"https:\/\/pokojepodratuszem.pl\/zh\/wp-json\/wp\/v2\/pages\/175\/revisions"}],"wp:attachment":[{"href":"https:\/\/pokojepodratuszem.pl\/zh\/wp-json\/wp\/v2\/media?parent=175"}],"curies":[{"name":"wp","href":"https:\/\/api.w.org\/{rel}","templated":true}]}}